{"id":767,"date":"2025-11-02T18:23:24","date_gmt":"2025-11-02T23:23:24","guid":{"rendered":"https:\/\/nahua.com.co\/?page_id=767"},"modified":"2025-12-08T17:32:59","modified_gmt":"2025-12-08T22:32:59","slug":"soluciones-de-integracion-y-api-management","status":"publish","type":"page","link":"https:\/\/nahua.com.co\/en\/soluciones-de-integracion-y-api-management\/","title":{"rendered":"API Management and Integration Solutions"},"content":{"rendered":"<div class=\"wp-block-stackable-columns alignfull stk-block-columns stk-block stk-d89ea53\" data-block-id=\"d89ea53\"><style>.stk-d89ea53 {margin-top:var(--stk--preset--spacing--70, 3.38rem) !important;margin-bottom:var(--stk--preset--spacing--70, 3.38rem) !important;}<\/style><div class=\"stk-row stk-inner-blocks stk-block-content stk-content-align stk-d89ea53-column alignwide\">\n<div class=\"wp-block-stackable-column stk-block-column stk-column stk-block stk-0d667e2\" data-v=\"4\" data-block-id=\"0d667e2\"><div class=\"stk-column-wrapper stk-block-column__content stk-container stk-0d667e2-container stk--no-background stk--no-padding\"><div class=\"has-text-align-center stk-block-content stk-inner-blocks stk-0d667e2-inner-blocks\">\n<div class=\"wp-block-stackable-columns stk-block-columns stk-block stk-abee3c0\" data-block-id=\"abee3c0\"><style>.stk-abee3c0 .stk--block-align-abee3c0{align-items:center !important;}<\/style><div class=\"stk-row stk-inner-blocks has-text-align-left stk--block-align-abee3c0 stk-block-content stk-content-align stk-abee3c0-column\">\n<div class=\"wp-block-stackable-column stk-block-column stk-column stk-block stk-561c6b6\" data-v=\"4\" data-block-id=\"561c6b6\"><style>@media screen and (min-width:690px){.stk-561c6b6 {flex:var(--stk-flex-grow, 1) 1 calc(43.19999999999999% - var(--stk-column-gap, 0px) * 1 \/ 2 ) !important;}}<\/style><div class=\"stk-column-wrapper stk-block-column__content stk-container stk-561c6b6-container stk--no-background stk--no-padding\"><div class=\"stk-block-content stk-inner-blocks stk-561c6b6-inner-blocks\">\n<div class=\"wp-block-stackable-heading stk-block-heading stk-block-heading--v2 stk-block stk-0cd35a3\" id=\"long-subheading-placeholder\" data-block-id=\"0cd35a3\"><h3 class=\"stk-block-heading__text\">API Management and Integration Solutions<\/h3><\/div>\n\n\n\n<div class=\"wp-block-stackable-text stk-block-text stk-block stk-05a70ec\" data-block-id=\"05a70ec\"><style>.stk-05a70ec {margin-bottom:40px !important;}<\/style><p class=\"stk-block-text__text\">We securely and scalably connect your organization across its entire digital ecosystem.<\/p><\/div>\n\n\n\n<div class=\"wp-block-stackable-text stk-block-text stk-block stk-42d767b\" data-block-id=\"42d767b\"><p class=\"stk-block-text__text\">Modern organizations rely on multiple systems: CRM, financial platforms, external providers, mobile applications, IoT sensors, and digital channels. Without proper integration, information becomes inconsistent, slow, or insecure.<\/p><\/div>\n\n\n\n<div class=\"wp-block-stackable-text stk-block-text stk-block stk-ad61421\" data-block-id=\"ad61421\"><p class=\"stk-block-text__text\">Nahua provides Integration and API Management Solutions to unify all operational components through modern, scalable, and traceable architectures.<\/p><\/div>\n\n\n\n<hr class=\"wp-block-separator has-alpha-channel-opacity\"\/>\n\n\n\n<h5 class=\"wp-block-heading\">What are these solutions about?<\/h5>\n\n\n\n<h6 class=\"wp-block-heading\">A set of services that enable:<\/h6>\n\n\n\n<ul class=\"wp-block-list\">\n<li><strong>Centralized Integration Layer<\/strong> (ESB, microservices, event streaming, API gateways).<\/li>\n\n\n\n<li><strong>Secure API exposure<\/strong> internal and external APIs.<\/li>\n\n\n\n<li><strong>Real-time connectivity<\/strong> across CRM, financial core systems, insurance, telecommunications, industry, commerce, and more.<\/li>\n\n\n\n<li><strong>Governance, traceability, and control<\/strong> for each request, workflow, or transaction.<\/li>\n<\/ul>\n\n\n\n<hr class=\"wp-block-separator has-alpha-channel-opacity\"\/>\n\n\n\n<h4 class=\"wp-block-heading\">What are they used for?<\/h4>\n\n\n\n<div class=\"wp-block-stackable-text stk-block-text stk-block stk-47e75fe\" data-block-id=\"47e75fe\"><p class=\"stk-block-text__text\"><strong>With our integration solutions, your company can:<\/strong><\/p><\/div>\n\n\n\n<ul class=\"wp-block-list\">\n<li><strong>Enable new digital channels:<\/strong> web, mobile, kiosks, IoT, third-party applications.<\/li>\n\n\n\n<li><strong>Synchronize data in real time<\/strong> to improve the customer experience.<\/li>\n\n\n\n<li><strong>Create business ecosystems<\/strong> with partners, distributors, and suppliers.<\/li>\n\n\n\n<li><strong>Automate processes<\/strong>, disminuyendo tiempos de respuesta y errores.<\/li>\n\n\n\n<li><strong>Proteger la informaci\u00f3n<\/strong> by leveraging authentication, encryption, and access control mechanisms.<\/li>\n<\/ul>\n\n\n\n<hr class=\"wp-block-separator has-alpha-channel-opacity\"\/>\n\n\n\n<h5 class=\"wp-block-heading\">\u00bf<strong>How does Nahua support you?<\/strong><\/h5>\n\n\n\n<ol start=\"1\" class=\"wp-block-list\">\n<li><strong>Current architecture assessment<\/strong>\n<ul class=\"wp-block-list\">\n<li>We identify bottlenecks and key dependencies.<\/li>\n<\/ul>\n<\/li>\n\n\n\n<li><strong>Integration layer design<\/strong>\n<ul class=\"wp-block-list\">\n<li>ESB, microservices, event streaming, API Gateway, webhooks.<\/li>\n\n\n\n<li>Defining standards, versioning, and security policies.<\/li>\n<\/ul>\n<\/li>\n\n\n\n<li><strong>API development and orchestration<\/strong>\n<ul class=\"wp-block-list\">\n<li>REST, SOAP, GraphQL, or event-driven APIs.<\/li>\n\n\n\n<li>Implementation of connectors to banks, insurers, ERPs, and legacy systems.<\/li>\n<\/ul>\n<\/li>\n\n\n\n<li><strong>Monitoring, traceability, and governance<\/strong>\n<ul class=\"wp-block-list\">\n<li>Dashboards, centralized logging, auditing, and consumption control.<\/li>\n\n\n\n<li>SLA management and regulatory compliance.<\/li>\n<\/ul>\n<\/li>\n<\/ol>\n\n\n\n<div class=\"wp-block-stackable-text stk-block-text stk-block stk-a0e3827\" data-block-id=\"a0e3827\"><style>.stk-a0e3827 {margin-bottom:40px !important;}<\/style><p class=\"stk-block-text__text\"><strong>The result is a connected organization with agile processes, consistent data, and the ability to evolve quickly.<\/strong><\/p><\/div>\n<\/div><\/div><\/div>\n\n\n\n<div class=\"wp-block-stackable-column stk-block-column stk-column stk-block stk-cefc1d4\" data-v=\"4\" data-block-id=\"cefc1d4\"><style>@media screen and (min-width:690px){.stk-cefc1d4 {flex:var(--stk-flex-grow, 1) 1 calc(56.80000000000001% - var(--stk-column-gap, 0px) * 1 \/ 2 ) !important;}}<\/style><div class=\"stk-column-wrapper stk-block-column__content stk-container stk-cefc1d4-container stk--no-background stk--no-padding\"><div class=\"stk-block-content stk-inner-blocks stk-cefc1d4-inner-blocks\">\n<div class=\"wp-block-stackable-image-box aligncenter stk-block-image-box stk-hover-parent stk-block stk-d2747eb\" data-block-id=\"d2747eb\"><div class=\"stk-block-content stk-inner-blocks has-text-align-center stk-row stk-block-image-box__content\">\n<div class=\"wp-block-stackable-image aligncenter stk-block-image stk-block stk-883a25e\" data-block-id=\"883a25e\"><style>.stk-883a25e .stk-img-wrapper{aspect-ratio:1\/1 !important;width:640px !important;height:auto !important;}@media screen and (max-width:999px){.stk-883a25e .stk-img-wrapper{height:auto !important;}}@media screen and (max-width:689px){.stk-883a25e .stk-img-wrapper{height:auto !important;}}<\/style><figure><span class=\"stk-img-wrapper stk-image--shape-stretch\"><img loading=\"lazy\" decoding=\"async\" class=\"stk-img wp-image-1012\" src=\"https:\/\/nahua.com.co\/wp-content\/uploads\/2025\/12\/Soluciones-de-Integracion-y-API-Management-imagenes-scaled.jpg\" width=\"2560\" height=\"1708\" srcset=\"https:\/\/nahua.com.co\/wp-content\/uploads\/2025\/12\/Soluciones-de-Integracion-y-API-Management-imagenes-scaled.jpg 2560w, https:\/\/nahua.com.co\/wp-content\/uploads\/2025\/12\/Soluciones-de-Integracion-y-API-Management-imagenes-300x200.jpg 300w, https:\/\/nahua.com.co\/wp-content\/uploads\/2025\/12\/Soluciones-de-Integracion-y-API-Management-imagenes-1024x683.jpg 1024w, https:\/\/nahua.com.co\/wp-content\/uploads\/2025\/12\/Soluciones-de-Integracion-y-API-Management-imagenes-768x512.jpg 768w, https:\/\/nahua.com.co\/wp-content\/uploads\/2025\/12\/Soluciones-de-Integracion-y-API-Management-imagenes-1536x1025.jpg 1536w, https:\/\/nahua.com.co\/wp-content\/uploads\/2025\/12\/Soluciones-de-Integracion-y-API-Management-imagenes-2048x1366.jpg 2048w\" sizes=\"auto, (max-width: 2560px) 100vw, 2560px\" \/><\/span><\/figure><\/div>\n\n\n\n<div class=\"wp-block-stackable-column stk-block-column stk-column stk-block stk-bca2cf5\" data-v=\"4\" data-block-id=\"bca2cf5\"><style>.stk-bca2cf5 {align-items:center !important;display:flex !important;}<\/style><div class=\"stk-column-wrapper stk-block-column__content stk-container stk-bca2cf5-container stk--no-background stk--no-padding\"><div class=\"stk-block-content stk-inner-blocks stk-bca2cf5-inner-blocks\">\n<div class=\"wp-block-stackable-subtitle stk-block-subtitle stk-block stk-7ff61b5\" data-block-id=\"7ff61b5\"><style>.stk-7ff61b5 {margin-bottom:8px !important;opacity:0 !important;}:where(.stk-hover-parent:hover,  .stk-hover-parent.stk--is-hovered) .stk-7ff61b5{opacity:1 !important;}.stk-7ff61b5 .stk-block-subtitle__text{color:#FFFFFF !important;}<\/style><p class=\"stk-block-subtitle__text stk-subtitle has-text-color has-white-color\">Subt\u00edtulo para este bloque<\/p><\/div>\n\n\n\n<div class=\"wp-block-stackable-heading stk-block-heading stk-block-heading--v2 stk-block stk-4cc4ab2\" id=\"titulo-para-este-bloque\" data-block-id=\"4cc4ab2\"><style>.stk-4cc4ab2 .stk-block-heading__text{color:#FFFFFF !important;}<\/style><h4 class=\"stk-block-heading__text has-text-color has-white-color\">T\u00edtulo para este bloque<\/h4><\/div>\n\n\n\n<div class=\"wp-block-stackable-text stk-block-text stk-block stk-346843c\" data-block-id=\"346843c\"><style>.stk-346843c {opacity:0 !important;}:where(.stk-hover-parent:hover,  .stk-hover-parent.stk--is-hovered) .stk-346843c{opacity:1 !important;}.stk-346843c .stk-block-text__text{color:#FFFFFF !important;}<\/style><p class=\"stk-block-text__text has-text-color has-white-color\">Texto para este bloque<\/p><\/div>\n\n\n\n<div class=\"wp-block-stackable-icon stk-block-icon stk-block stk-7103aa8\" data-block-id=\"7103aa8\"><style>.stk-7103aa8 {margin-top:56px !important;opacity:0 !important;}:where(.stk-hover-parent:hover,  .stk-hover-parent.stk--is-hovered) .stk-7103aa8{opacity:1 !important;}.stk-7103aa8 .stk--svg-wrapper .stk--inner-svg svg:last-child, .stk-7103aa8 .stk--svg-wrapper .stk--inner-svg svg:last-child :is(g, path, rect, polygon, ellipse){fill:#FFFFFF !important;}<\/style><span class=\"stk--svg-wrapper\"><div class=\"stk--inner-svg\"><svg style=\"height:0;width:0\"><defs><lineargradient id=\"linear-gradient-7103aa8\" x1=\"0\" x2=\"100%\" y1=\"0\" y2=\"0\"><stop offset=\"0%\" style=\"stop-opacity:1;stop-color:var(--linear-gradient-7103-aa-8-color-1)\"><\/stop><stop offset=\"100%\" style=\"stop-opacity:1;stop-color:var(--linear-gradient-7103-aa-8-color-2)\"><\/stop><\/lineargradient><\/defs><\/svg><svg data-prefix=\"fas\" data-icon=\"arrow-right\" class=\"svg-inline--fa fa-arrow-right fa-w-14\" xmlns=\"http:\/\/www.w3.org\/2000\/svg\" viewbox=\"0 0 448 512\" aria-hidden=\"true\" width=\"32\" height=\"32\"><path fill=\"currentColor\" d=\"M190.5 66.9l22.2-22.2c9.4-9.4 24.6-9.4 33.9 0L441 239c9.4 9.4 9.4 24.6 0 33.9L246.6 467.3c-9.4 9.4-24.6 9.4-33.9 0l-22.2-22.2c-9.5-9.5-9.3-25 .4-34.3L311.4 296H24c-13.3 0-24-10.7-24-24v-32c0-13.3 10.7-24 24-24h287.4L190.9 101.2c-9.8-9.3-10-24.8-.4-34.3z\"><\/path><\/svg><\/div><\/span><\/div>\n<\/div><\/div><\/div>\n<\/div><\/div>\n\n\n\n<div class=\"wp-block-stackable-image-box aligncenter stk-block-image-box stk-hover-parent stk-block stk-cfb25e6\" data-block-id=\"cfb25e6\"><div class=\"stk-block-content stk-inner-blocks has-text-align-center stk-row stk-block-image-box__content\">\n<div class=\"wp-block-stackable-image aligncenter stk-block-image stk-block stk-bb47d6e\" data-block-id=\"bb47d6e\"><style>.stk-bb47d6e .stk-img-wrapper{aspect-ratio:1\/1 !important;width:640px !important;height:auto !important;}@media screen and (max-width:999px){.stk-bb47d6e .stk-img-wrapper{height:auto !important;}}@media screen and (max-width:689px){.stk-bb47d6e .stk-img-wrapper{height:auto !important;}}<\/style><\/div>\n\n\n\n<div class=\"wp-block-stackable-column stk-block-column stk-column stk-block stk-b1f85c8\" data-v=\"4\" data-block-id=\"b1f85c8\"><style>.stk-b1f85c8 {align-items:center !important;display:flex !important;}<\/style><div class=\"stk-column-wrapper stk-block-column__content stk-container stk-b1f85c8-container stk--no-background stk--no-padding\"><div class=\"stk-block-content stk-inner-blocks stk-b1f85c8-inner-blocks\">\n<div class=\"wp-block-stackable-subtitle stk-block-subtitle stk-block stk-31b3e20\" data-block-id=\"31b3e20\"><style>.stk-31b3e20 {margin-bottom:8px !important;opacity:0 !important;}:where(.stk-hover-parent:hover,  .stk-hover-parent.stk--is-hovered) .stk-31b3e20{opacity:1 !important;}.stk-31b3e20 .stk-block-subtitle__text{color:#FFFFFF !important;}<\/style><p class=\"stk-block-subtitle__text stk-subtitle has-text-color has-white-color\">Subt\u00edtulo para este bloque<\/p><\/div>\n\n\n\n<div class=\"wp-block-stackable-heading stk-block-heading stk-block-heading--v2 stk-block stk-fab183e\" id=\"titulo-para-este-bloque\" data-block-id=\"fab183e\"><style>.stk-fab183e .stk-block-heading__text{color:#FFFFFF !important;}<\/style><h4 class=\"stk-block-heading__text has-text-color has-white-color\">T\u00edtulo para este bloque<\/h4><\/div>\n\n\n\n<div class=\"wp-block-stackable-text stk-block-text stk-block stk-fba3b71\" data-block-id=\"fba3b71\"><style>.stk-fba3b71 {opacity:0 !important;}:where(.stk-hover-parent:hover,  .stk-hover-parent.stk--is-hovered) .stk-fba3b71{opacity:1 !important;}.stk-fba3b71 .stk-block-text__text{color:#FFFFFF !important;}<\/style><p class=\"stk-block-text__text has-text-color has-white-color\">Texto para este bloque<\/p><\/div>\n\n\n\n<div class=\"wp-block-stackable-icon stk-block-icon stk-block stk-04beafe\" data-block-id=\"04beafe\"><style>.stk-04beafe {margin-top:56px !important;opacity:0 !important;}:where(.stk-hover-parent:hover,  .stk-hover-parent.stk--is-hovered) .stk-04beafe{opacity:1 !important;}.stk-04beafe .stk--svg-wrapper .stk--inner-svg svg:last-child, .stk-04beafe .stk--svg-wrapper .stk--inner-svg svg:last-child :is(g, path, rect, polygon, ellipse){fill:#FFFFFF !important;}<\/style><span class=\"stk--svg-wrapper\"><div class=\"stk--inner-svg\"><svg style=\"height:0;width:0\"><defs><lineargradient id=\"linear-gradient-04beafe\" x1=\"0\" x2=\"100%\" y1=\"0\" y2=\"0\"><stop offset=\"0%\" style=\"stop-opacity:1;stop-color:var(--linear-gradient-04-beafe-color-1)\"><\/stop><stop offset=\"100%\" style=\"stop-opacity:1;stop-color:var(--linear-gradient-04-beafe-color-2)\"><\/stop><\/lineargradient><\/defs><\/svg><svg data-prefix=\"fas\" data-icon=\"arrow-right\" class=\"svg-inline--fa fa-arrow-right fa-w-14\" xmlns=\"http:\/\/www.w3.org\/2000\/svg\" viewbox=\"0 0 448 512\" aria-hidden=\"true\" width=\"32\" height=\"32\"><path fill=\"currentColor\" d=\"M190.5 66.9l22.2-22.2c9.4-9.4 24.6-9.4 33.9 0L441 239c9.4 9.4 9.4 24.6 0 33.9L246.6 467.3c-9.4 9.4-24.6 9.4-33.9 0l-22.2-22.2c-9.5-9.5-9.3-25 .4-34.3L311.4 296H24c-13.3 0-24-10.7-24-24v-32c0-13.3 10.7-24 24-24h287.4L190.9 101.2c-9.8-9.3-10-24.8-.4-34.3z\"><\/path><\/svg><\/div><\/span><\/div>\n<\/div><\/div><\/div>\n<\/div><\/div>\n\n\n\n<div class=\"wp-block-stackable-image-box aligncenter stk-block-image-box stk-hover-parent stk-block stk-a72e2e6\" data-block-id=\"a72e2e6\"><div class=\"stk-block-content stk-inner-blocks has-text-align-center stk-row stk-block-image-box__content\">\n<div class=\"wp-block-stackable-image aligncenter stk-block-image stk-block stk-878f527\" data-block-id=\"878f527\"><style>.stk-878f527 .stk-img-wrapper{aspect-ratio:1\/1 !important;width:640px !important;height:auto !important;}@media screen and (max-width:999px){.stk-878f527 .stk-img-wrapper{height:auto !important;}}@media screen and (max-width:689px){.stk-878f527 .stk-img-wrapper{height:auto !important;}}<\/style><\/div>\n\n\n\n<div class=\"wp-block-stackable-column stk-block-column stk-column stk-block stk-cb08fda\" data-v=\"4\" data-block-id=\"cb08fda\"><style>.stk-cb08fda {align-items:center !important;display:flex !important;}<\/style><div class=\"stk-column-wrapper stk-block-column__content stk-container stk-cb08fda-container stk--no-background stk--no-padding\"><div class=\"stk-block-content stk-inner-blocks stk-cb08fda-inner-blocks\">\n<div class=\"wp-block-stackable-subtitle stk-block-subtitle stk-block stk-512410e\" data-block-id=\"512410e\"><style>.stk-512410e {margin-bottom:8px !important;opacity:0 !important;}:where(.stk-hover-parent:hover,  .stk-hover-parent.stk--is-hovered) .stk-512410e{opacity:1 !important;}.stk-512410e .stk-block-subtitle__text{color:#FFFFFF !important;}<\/style><p class=\"stk-block-subtitle__text stk-subtitle has-text-color has-white-color\">Subt\u00edtulo para este bloque<\/p><\/div>\n\n\n\n<div class=\"wp-block-stackable-heading stk-block-heading stk-block-heading--v2 stk-block stk-3cdc307\" id=\"titulo-para-este-bloque\" data-block-id=\"3cdc307\"><style>.stk-3cdc307 .stk-block-heading__text{color:#FFFFFF !important;}<\/style><h4 class=\"stk-block-heading__text has-text-color has-white-color\">T\u00edtulo para este bloque<\/h4><\/div>\n\n\n\n<div class=\"wp-block-stackable-text stk-block-text stk-block stk-6f40fb8\" data-block-id=\"6f40fb8\"><style>.stk-6f40fb8 {opacity:0 !important;}:where(.stk-hover-parent:hover,  .stk-hover-parent.stk--is-hovered) .stk-6f40fb8{opacity:1 !important;}.stk-6f40fb8 .stk-block-text__text{color:#FFFFFF !important;}<\/style><p class=\"stk-block-text__text has-text-color has-white-color\">Texto para este bloque<\/p><\/div>\n\n\n\n<div class=\"wp-block-stackable-icon stk-block-icon stk-block stk-edb0d47\" data-block-id=\"edb0d47\"><style>.stk-edb0d47 {margin-top:56px !important;opacity:0 !important;}:where(.stk-hover-parent:hover,  .stk-hover-parent.stk--is-hovered) .stk-edb0d47{opacity:1 !important;}.stk-edb0d47 .stk--svg-wrapper .stk--inner-svg svg:last-child, .stk-edb0d47 .stk--svg-wrapper .stk--inner-svg svg:last-child :is(g, path, rect, polygon, ellipse){fill:#FFFFFF !important;}<\/style><span class=\"stk--svg-wrapper\"><div class=\"stk--inner-svg\"><svg style=\"height:0;width:0\"><defs><lineargradient id=\"linear-gradient-edb0d47\" x1=\"0\" x2=\"100%\" y1=\"0\" y2=\"0\"><stop offset=\"0%\" style=\"stop-opacity:1;stop-color:var(--linear-gradient-edb-0-d-47-color-1)\"><\/stop><stop offset=\"100%\" style=\"stop-opacity:1;stop-color:var(--linear-gradient-edb-0-d-47-color-2)\"><\/stop><\/lineargradient><\/defs><\/svg><svg data-prefix=\"fas\" data-icon=\"arrow-right\" class=\"svg-inline--fa fa-arrow-right fa-w-14\" xmlns=\"http:\/\/www.w3.org\/2000\/svg\" viewbox=\"0 0 448 512\" aria-hidden=\"true\" width=\"32\" height=\"32\"><path fill=\"currentColor\" d=\"M190.5 66.9l22.2-22.2c9.4-9.4 24.6-9.4 33.9 0L441 239c9.4 9.4 9.4 24.6 0 33.9L246.6 467.3c-9.4 9.4-24.6 9.4-33.9 0l-22.2-22.2c-9.5-9.5-9.3-25 .4-34.3L311.4 296H24c-13.3 0-24-10.7-24-24v-32c0-13.3 10.7-24 24-24h287.4L190.9 101.2c-9.8-9.3-10-24.8-.4-34.3z\"><\/path><\/svg><\/div><\/span><\/div>\n<\/div><\/div><\/div>\n<\/div><\/div>\n<\/div><\/div><\/div>\n<\/div><\/div>\n<\/div><\/div><\/div>\n<\/div><\/div>\n\n\n\n<div class=\"wp-block-stackable-text stk-block-text stk-block stk-9f7151f\" data-block-id=\"9f7151f\"><p class=\"stk-block-text__text\"><\/p><\/div>","protected":false},"excerpt":{"rendered":"<p>Soluciones de Integraci\u00f3n y API-Management Conectamos tu organizaci\u00f3n con todo su ecosistema digital, de forma segura y escalable Las empresas modernas dependen de m\u00faltiples sistemas: CRM, plataformas financieras, proveedores externos, aplicativos m\u00f3viles, sensores IoT y canales digitales. Sin una integraci\u00f3n adecuada, la informaci\u00f3n se vuelve inconsistente, lenta o insegura. Nahua ofrece Soluciones de Integraci\u00f3n y [&hellip;]<\/p>","protected":false},"author":1,"featured_media":0,"parent":0,"menu_order":0,"comment_status":"closed","ping_status":"closed","template":"","meta":{"footnotes":""},"class_list":["post-767","page","type-page","status-publish","hentry"],"blocksy_meta":{"has_hero_section":"disabled","styles_descriptor":{"styles":{"desktop":"","tablet":"","mobile":""},"google_fonts":[],"version":6}},"_hostinger_reach_plugin_has_subscription_block":false,"_hostinger_reach_plugin_is_elementor":false,"_links":{"self":[{"href":"https:\/\/nahua.com.co\/en\/wp-json\/wp\/v2\/pages\/767","targetHints":{"allow":["GET"]}}],"collection":[{"href":"https:\/\/nahua.com.co\/en\/wp-json\/wp\/v2\/pages"}],"about":[{"href":"https:\/\/nahua.com.co\/en\/wp-json\/wp\/v2\/types\/page"}],"author":[{"embeddable":true,"href":"https:\/\/nahua.com.co\/en\/wp-json\/wp\/v2\/users\/1"}],"replies":[{"embeddable":true,"href":"https:\/\/nahua.com.co\/en\/wp-json\/wp\/v2\/comments?post=767"}],"version-history":[{"count":13,"href":"https:\/\/nahua.com.co\/en\/wp-json\/wp\/v2\/pages\/767\/revisions"}],"predecessor-version":[{"id":1013,"href":"https:\/\/nahua.com.co\/en\/wp-json\/wp\/v2\/pages\/767\/revisions\/1013"}],"wp:attachment":[{"href":"https:\/\/nahua.com.co\/en\/wp-json\/wp\/v2\/media?parent=767"}],"curies":[{"name":"wp","href":"https:\/\/api.w.org\/{rel}","templated":true}]}}