{"id":765,"date":"2025-11-02T18:22:59","date_gmt":"2025-11-02T23:22:59","guid":{"rendered":"https:\/\/nahua.com.co\/?page_id=765"},"modified":"2025-12-01T04:42:06","modified_gmt":"2025-12-01T09:42:06","slug":"plataforma-de-modernizacion-y-migracion-al-cloud","status":"publish","type":"page","link":"https:\/\/nahua.com.co\/en\/plataforma-de-modernizacion-y-migracion-al-cloud\/","title":{"rendered":"Plataforma de Modernizaci\u00f3n y Migraci\u00f3n al Cloud"},"content":{"rendered":"<div class=\"wp-block-stackable-columns alignfull stk-block-columns stk-block stk-d89ea53\" data-block-id=\"d89ea53\"><style>.stk-d89ea53 {margin-top:var(--stk--preset--spacing--70, 3.38rem) !important;margin-bottom:var(--stk--preset--spacing--70, 3.38rem) !important;}<\/style><div class=\"stk-row stk-inner-blocks stk-block-content stk-content-align stk-d89ea53-column alignwide\">\n<div class=\"wp-block-stackable-column stk-block-column stk-column stk-block stk-ede35e8\" data-v=\"4\" data-block-id=\"ede35e8\"><div class=\"stk-column-wrapper stk-block-column__content stk-container stk-ede35e8-container stk--no-background stk--no-padding\"><div class=\"has-text-align-center stk-block-content stk-inner-blocks stk-ede35e8-inner-blocks\">\n<div class=\"wp-block-stackable-columns stk-block-columns stk-block stk-abee3c0\" data-block-id=\"abee3c0\"><style>.stk-abee3c0 .stk--block-align-abee3c0{align-items:center !important;}<\/style><div class=\"stk-row stk-inner-blocks has-text-align-left stk--block-align-abee3c0 stk-block-content stk-content-align stk-abee3c0-column\">\n<div class=\"wp-block-stackable-column stk-block-column stk-column stk-block stk-45794e5\" data-v=\"4\" data-block-id=\"45794e5\"><div class=\"stk-column-wrapper stk-block-column__content stk-container stk-45794e5-container stk--no-background stk--no-padding\"><div class=\"stk-block-content stk-inner-blocks stk-45794e5-inner-blocks\">\n<div class=\"wp-block-stackable-heading stk-block-heading stk-block-heading--v2 stk-block stk-4340a60\" id=\"long-subheading-placeholder\" data-block-id=\"4340a60\"><h3 class=\"stk-block-heading__text\">Plataforma de Modernizaci\u00f3n y Migraci\u00f3n al Cloud<\/h3><\/div>\n\n\n\n<div class=\"wp-block-stackable-text stk-block-text stk-block stk-28e9b19\" data-block-id=\"28e9b19\"><style>.stk-28e9b19 {margin-bottom:40px !important;}<\/style><p class=\"stk-block-text__text\">Transformamos sistemas legados en plataformas modernas, seguras y preparadas para el futuro<\/p><\/div>\n\n\n\n<div class=\"wp-block-stackable-text stk-block-text stk-block stk-07a1ee4\" data-block-id=\"07a1ee4\"><p class=\"stk-block-text__text\">En los sectores regulados \u2014banca, seguros, telecomunicaciones, comercio e industria\u2014 la tecnolog\u00eda heredada suele ser un freno para la operaci\u00f3n. Sistemas core construidos hace a\u00f1os, aplicaciones monol\u00edticas y ambientes on-premise limitan la innovaci\u00f3n, aumentan los costos y dificultan el cumplimiento normativo.<\/p><\/div>\n\n\n\n<div class=\"wp-block-stackable-text stk-block-text stk-block stk-236f667\" data-block-id=\"236f667\"><p class=\"stk-block-text__text\">En Nahua desarrollamos una Plataforma de Modernizaci\u00f3n y Migraci\u00f3n al Cloud dise\u00f1ada para acompa\u00f1ar a las organizaciones en su transici\u00f3n hacia infraestructuras m\u00e1s \u00e1giles, seguras y escalables.<\/p><\/div>\n\n\n\n<hr class=\"wp-block-separator has-alpha-channel-opacity\"\/>\n\n\n\n<h2 class=\"wp-block-heading has-medium-font-size\">\u00bfQu\u00e9 es nuestra plataforma?<\/h2>\n\n\n\n<div class=\"wp-block-stackable-text stk-block-text stk-block stk-6759f2a\" data-block-id=\"6759f2a\"><p class=\"stk-block-text__text\">Es un conjunto modular de servicios y herramientas que permiten migrar aplicaciones, procesos y sistemas core hacia entornos cloud o h\u00edbridos, garantizando:<\/p><\/div>\n\n\n\n<ul class=\"wp-block-list\">\n<li>Continuidad operativa 24\/7<\/li>\n\n\n\n<li>Seguridad alineada a est\u00e1ndares regulatorios (PCI-DSS, ISO 27001, SARLAFT, GDPR\u2026)<\/li>\n\n\n\n<li>Optimizaci\u00f3n del costo total de propiedad (TCO)<\/li>\n\n\n\n<li>Flexibilidad para crecer o reducir recursos seg\u00fan demanda<\/li>\n\n\n\n<li>Modernizaci\u00f3n progresiva sin interrupciones<\/li>\n<\/ul>\n\n\n\n<hr class=\"wp-block-separator has-alpha-channel-opacity\"\/>\n\n\n\n<h2 class=\"wp-block-heading has-medium-font-size\">What is it used for?<\/h2>\n\n\n\n<div class=\"wp-block-stackable-text stk-block-text stk-block stk-e121053\" data-block-id=\"e121053\"><p class=\"stk-block-text__text\">La plataforma permite a tu empresa:<\/p><\/div>\n\n\n\n<ul class=\"wp-block-list\">\n<li><strong>Liberarse de la dependencia tecnol\u00f3gica<\/strong> de sistemas obsoletos o proveedores cerrados.<\/li>\n\n\n\n<li><strong>Reducir costos operativos<\/strong> eliminando infraestructura f\u00edsica y licencias heredadas.<\/li>\n\n\n\n<li><strong>Incrementar la agilidad<\/strong> para lanzar nuevos productos, mejoras o integraciones.<\/li>\n\n\n\n<li><strong>Fortalecer la resiliencia<\/strong> ante fallas, picos de demanda o incidentes de seguridad.<\/li>\n\n\n\n<li><strong>Cumplir normas regulatorias<\/strong> mediante registros, auditor\u00edas y controles automatizados.<\/li>\n<\/ul>\n\n\n\n<hr class=\"wp-block-separator has-alpha-channel-opacity\"\/>\n\n\n\n<h2 class=\"wp-block-heading has-medium-font-size\">How do we help at Nahua?<\/h2>\n\n\n\n<div class=\"wp-block-stackable-text stk-block-text stk-block stk-7fc18d7\" data-block-id=\"7fc18d7\"><p class=\"stk-block-text__text\">Aplicamos un modelo probado en empresas de alta complejidad:<\/p><\/div>\n\n\n\n<ol start=\"1\" class=\"wp-block-list\">\n<li><strong>Diagn\u00f3stico del ecosistema actual<\/strong>\n<ul class=\"wp-block-list\">\n<li>An\u00e1lisis del core bancario, CRM o aplicaciones misionales.<\/li>\n\n\n\n<li>Identificaci\u00f3n de riesgos, costos ocultos y oportunidades.<\/li>\n<\/ul>\n<\/li>\n\n\n\n<li><strong>Estrategia de modernizaci\u00f3n<\/strong>\n<ul class=\"wp-block-list\">\n<li>Decidimos qu\u00e9 migrar, qu\u00e9 reescribir, qu\u00e9 integrar y qu\u00e9 retirar.<\/li>\n\n\n\n<li>Plan detallado con hitos, costos y roadmap tecnol\u00f3gico.<\/li>\n<\/ul>\n<\/li>\n\n\n\n<li><strong>Migraci\u00f3n segura y sin interrupciones<\/strong>\n<ul class=\"wp-block-list\">\n<li>Contenedorizaci\u00f3n, refactorizaci\u00f3n o reimplementaci\u00f3n seg\u00fan necesidad.<\/li>\n\n\n\n<li>Uso de nubes p\u00fablicas, privadas o arquitecturas h\u00edbridas.<\/li>\n<\/ul>\n<\/li>\n\n\n\n<li><strong>Acompa\u00f1amiento post-migraci\u00f3n<\/strong>\n<ul class=\"wp-block-list\">\n<li>Observabilidad, seguridad, gesti\u00f3n de identidades y monitoreo continuo.<\/li>\n\n\n\n<li>Optimizaci\u00f3n de costos y mejora continua.<\/li>\n<\/ul>\n<\/li>\n<\/ol>\n\n\n\n<div class=\"wp-block-stackable-text stk-block-text stk-block stk-ea01ecd\" data-block-id=\"ea01ecd\"><style>.stk-ea01ecd {margin-bottom:40px !important;}<\/style><p class=\"stk-block-text__text\"><strong>Resultado: tu negocio opera con tecnolog\u00eda moderna, resiliente y preparada para competir.<\/strong><\/p><\/div>\n<\/div><\/div><\/div>\n\n\n\n<div class=\"wp-block-stackable-column stk-block-column stk-column stk-block stk-0d6eafd\" data-v=\"4\" data-block-id=\"0d6eafd\"><div class=\"stk-column-wrapper stk-block-column__content stk-container stk-0d6eafd-container stk--no-background stk--no-padding\"><div class=\"stk-block-content stk-inner-blocks stk-0d6eafd-inner-blocks\">\n<div class=\"wp-block-stackable-image stk-block-image stk-block stk-addab28\" data-block-id=\"addab28\"><style>.stk-addab28 .stk-img-wrapper{aspect-ratio:1\/1 !important;height:auto !important;}@media screen and (max-width:999px){.stk-addab28 .stk-img-wrapper{height:auto !important;}}@media screen and (max-width:689px){.stk-addab28 .stk-img-wrapper{height:auto !important;}}<\/style><figure><span class=\"stk-img-wrapper stk-image--shape-stretch\"><img loading=\"lazy\" decoding=\"async\" class=\"stk-img wp-image-5695\" src=\"https:\/\/nahua.com.co\/wp-content\/uploads\/2025\/11\/stk-design-library-image-1.jpeg\" width=\"1125\" height=\"750\"\/><\/span><\/figure><\/div>\n<\/div><\/div><\/div>\n<\/div><\/div>\n<\/div><\/div><\/div>\n<\/div><\/div>","protected":false},"excerpt":{"rendered":"<p>Plataforma de Modernizaci\u00f3n y Migraci\u00f3n al Cloud Transformamos sistemas legados en plataformas modernas, seguras y preparadas para el futuro En los sectores regulados \u2014banca, seguros, telecomunicaciones, comercio e industria\u2014 la tecnolog\u00eda heredada suele ser un freno para la operaci\u00f3n. Sistemas core construidos hace a\u00f1os, aplicaciones monol\u00edticas y ambientes on-premise limitan la innovaci\u00f3n, aumentan los costos [&hellip;]<\/p>","protected":false},"author":1,"featured_media":0,"parent":0,"menu_order":0,"comment_status":"closed","ping_status":"closed","template":"","meta":{"footnotes":""},"class_list":["post-765","page","type-page","status-publish","hentry"],"blocksy_meta":{"has_hero_section":"disabled","styles_descriptor":{"styles":{"desktop":"","tablet":"","mobile":""},"google_fonts":[],"version":6}},"_hostinger_reach_plugin_has_subscription_block":false,"_hostinger_reach_plugin_is_elementor":false,"_links":{"self":[{"href":"https:\/\/nahua.com.co\/en\/wp-json\/wp\/v2\/pages\/765","targetHints":{"allow":["GET"]}}],"collection":[{"href":"https:\/\/nahua.com.co\/en\/wp-json\/wp\/v2\/pages"}],"about":[{"href":"https:\/\/nahua.com.co\/en\/wp-json\/wp\/v2\/types\/page"}],"author":[{"embeddable":true,"href":"https:\/\/nahua.com.co\/en\/wp-json\/wp\/v2\/users\/1"}],"replies":[{"embeddable":true,"href":"https:\/\/nahua.com.co\/en\/wp-json\/wp\/v2\/comments?post=765"}],"version-history":[{"count":4,"href":"https:\/\/nahua.com.co\/en\/wp-json\/wp\/v2\/pages\/765\/revisions"}],"predecessor-version":[{"id":982,"href":"https:\/\/nahua.com.co\/en\/wp-json\/wp\/v2\/pages\/765\/revisions\/982"}],"wp:attachment":[{"href":"https:\/\/nahua.com.co\/en\/wp-json\/wp\/v2\/media?parent=765"}],"curies":[{"name":"wp","href":"https:\/\/api.w.org\/{rel}","templated":true}]}}