{"id":723,"date":"2025-11-02T15:55:47","date_gmt":"2025-11-02T20:55:47","guid":{"rendered":"https:\/\/nahua.com.co\/?page_id=723"},"modified":"2025-12-08T17:28:51","modified_gmt":"2025-12-08T22:28:51","slug":"desarrollo-de-software-a-medida-e-integraciones","status":"publish","type":"page","link":"https:\/\/nahua.com.co\/en\/desarrollo-de-software-a-medida-e-integraciones\/","title":{"rendered":"Custom Software Development and Integrations"},"content":{"rendered":"<div class=\"wp-block-stackable-columns alignfull stk-block-columns stk-block stk-d89ea53\" data-block-id=\"d89ea53\"><style>.stk-d89ea53 {margin-top:var(--stk--preset--spacing--70, 3.38rem) !important;margin-bottom:var(--stk--preset--spacing--70, 3.38rem) !important;}<\/style><div class=\"stk-row stk-inner-blocks stk-block-content stk-content-align stk-d89ea53-column alignwide\">\n<div class=\"wp-block-stackable-column stk-block-column stk-column stk-block stk-311911f\" data-v=\"4\" data-block-id=\"311911f\"><div class=\"stk-column-wrapper stk-block-column__content stk-container stk-311911f-container stk--no-background stk--no-padding\"><div class=\"has-text-align-center stk-block-content stk-inner-blocks stk-311911f-inner-blocks\">\n<div class=\"wp-block-stackable-columns stk-block-columns stk-block stk-abee3c0\" data-block-id=\"abee3c0\"><style>.stk-abee3c0 .stk--block-align-abee3c0{align-items:center !important;}<\/style><div class=\"stk-row stk-inner-blocks has-text-align-left stk--block-align-abee3c0 stk-block-content stk-content-align stk-abee3c0-column\">\n<div class=\"wp-block-stackable-column stk-block-column stk-column stk-block stk-83ae964\" data-v=\"4\" data-block-id=\"83ae964\"><div class=\"stk-column-wrapper stk-block-column__content stk-container stk-83ae964-container stk--no-background stk--no-padding\"><div class=\"stk-block-content stk-inner-blocks stk-83ae964-inner-blocks\">\n<div class=\"wp-block-stackable-heading stk-block-heading stk-block-heading--v2 stk-block stk-bb9b0f9\" id=\"long-subheading-placeholder\" data-block-id=\"bb9b0f9\"><h3 class=\"stk-block-heading__text\">Custom Software Development and Integrations<\/h3><\/div>\n\n\n\n<div class=\"wp-block-stackable-text stk-block-text stk-block stk-7e9b70d\" data-block-id=\"7e9b70d\"><style>.stk-7e9b70d {margin-bottom:40px !important;}<\/style><p class=\"stk-block-text__text\">We create business-aligned software using agile methodologies and a focus on tangible results.<\/p><\/div>\n\n\n\n<h5 class=\"wp-block-heading\">Why is it important?<\/h5>\n\n\n\n<div class=\"wp-block-stackable-text stk-block-text stk-block stk-632dee7\" data-block-id=\"632dee7\"><p class=\"stk-block-text__text\">Every company has unique needs that cannot always be met with standard tools. Well-designed software allows you to automate processes, reduce time, and generate immediate value.<\/p><\/div>\n\n\n\n<h5 class=\"wp-block-heading\">What is it used for?<\/h5>\n\n\n\n<ul class=\"wp-block-list\">\n<li>To create solutions tailored to your processes, not the other way around.<\/li>\n\n\n\n<li>To integrate your CRM with ERP, data systems, APIs, SOAP\/REST services, web and mobile channels.<\/li>\n\n\n\n<li>To strengthen your digital ecosystem by ensuring consistency, efficiency, and traceability.<\/li>\n<\/ul>\n\n\n\n<h5 class=\"wp-block-heading\">How does it benefit you?<\/h5>\n\n\n\n<ul class=\"wp-block-list\">\n<li>Agile teams capable of delivering functional software in short cycles.<\/li>\n\n\n\n<li>Robust integrations that connect your entire operation and eliminate information silos.<\/li>\n\n\n\n<li>Flexible architecture ready to scale and evolve.<\/li>\n<\/ul>\n\n\n\n<div class=\"wp-block-stackable-text stk-block-text stk-block stk-bdcf124\" data-block-id=\"bdcf124\"><style>.stk-bdcf124 {margin-bottom:40px !important;}<\/style><p class=\"stk-block-text__text\">Our approach turns your technological challenges into concrete, high-impact solutions for your business.<\/p><\/div>\n<\/div><\/div><\/div>\n\n\n\n<div class=\"wp-block-stackable-column stk-block-column stk-column stk-block stk-8dbbbb0\" data-v=\"4\" data-block-id=\"8dbbbb0\"><div class=\"stk-column-wrapper stk-block-column__content stk-container stk-8dbbbb0-container stk--no-background stk--no-padding\"><div class=\"stk-block-content stk-inner-blocks stk-8dbbbb0-inner-blocks\">\n<div class=\"wp-block-stackable-image stk-block-image stk-block stk-4e73cb2\" data-block-id=\"4e73cb2\"><style>.stk-4e73cb2 .stk-img-wrapper{aspect-ratio:1\/1 !important;height:auto !important;}@media screen and (max-width:999px){.stk-4e73cb2 .stk-img-wrapper{height:auto !important;}}@media screen and (max-width:689px){.stk-4e73cb2 .stk-img-wrapper{height:auto !important;}}<\/style><figure><span class=\"stk-img-wrapper stk-image--shape-stretch\"><img loading=\"lazy\" decoding=\"async\" class=\"stk-img wp-image-1006\" src=\"https:\/\/nahua.com.co\/wp-content\/uploads\/2025\/12\/Desarrollo-de-software-a-la-medida-scaled.jpg\" width=\"2560\" height=\"1708\" srcset=\"https:\/\/nahua.com.co\/wp-content\/uploads\/2025\/12\/Desarrollo-de-software-a-la-medida-scaled.jpg 2560w, https:\/\/nahua.com.co\/wp-content\/uploads\/2025\/12\/Desarrollo-de-software-a-la-medida-300x200.jpg 300w, https:\/\/nahua.com.co\/wp-content\/uploads\/2025\/12\/Desarrollo-de-software-a-la-medida-1024x683.jpg 1024w, https:\/\/nahua.com.co\/wp-content\/uploads\/2025\/12\/Desarrollo-de-software-a-la-medida-768x512.jpg 768w, https:\/\/nahua.com.co\/wp-content\/uploads\/2025\/12\/Desarrollo-de-software-a-la-medida-1536x1025.jpg 1536w, https:\/\/nahua.com.co\/wp-content\/uploads\/2025\/12\/Desarrollo-de-software-a-la-medida-2048x1366.jpg 2048w\" sizes=\"auto, (max-width: 2560px) 100vw, 2560px\" \/><\/span><\/figure><\/div>\n<\/div><\/div><\/div>\n<\/div><\/div>\n<\/div><\/div><\/div>\n<\/div><\/div>","protected":false},"excerpt":{"rendered":"<p>Desarrollo de Software a Medida e Integraciones Creamos software alineado al negocio, con metodolog\u00edas \u00e1giles y un enfoque en resultados tangibles. \u00bfPor qu\u00e9 es importante? Cada empresa tiene necesidades \u00fanicas que no siempre pueden resolverse con herramientas est\u00e1ndar. Un software bien construido permite automatizar procesos, reducir tiempos y generar valor inmediato. \u00bfPara qu\u00e9 sirve? \u00bfC\u00f3mo [&hellip;]<\/p>","protected":false},"author":1,"featured_media":0,"parent":0,"menu_order":0,"comment_status":"closed","ping_status":"closed","template":"","meta":{"footnotes":""},"class_list":["post-723","page","type-page","status-publish","hentry"],"blocksy_meta":{"has_hero_section":"disabled","styles_descriptor":{"styles":{"desktop":"","tablet":"","mobile":""},"google_fonts":[],"version":6}},"_hostinger_reach_plugin_has_subscription_block":false,"_hostinger_reach_plugin_is_elementor":false,"_links":{"self":[{"href":"https:\/\/nahua.com.co\/en\/wp-json\/wp\/v2\/pages\/723","targetHints":{"allow":["GET"]}}],"collection":[{"href":"https:\/\/nahua.com.co\/en\/wp-json\/wp\/v2\/pages"}],"about":[{"href":"https:\/\/nahua.com.co\/en\/wp-json\/wp\/v2\/types\/page"}],"author":[{"embeddable":true,"href":"https:\/\/nahua.com.co\/en\/wp-json\/wp\/v2\/users\/1"}],"replies":[{"embeddable":true,"href":"https:\/\/nahua.com.co\/en\/wp-json\/wp\/v2\/comments?post=723"}],"version-history":[{"count":4,"href":"https:\/\/nahua.com.co\/en\/wp-json\/wp\/v2\/pages\/723\/revisions"}],"predecessor-version":[{"id":1007,"href":"https:\/\/nahua.com.co\/en\/wp-json\/wp\/v2\/pages\/723\/revisions\/1007"}],"wp:attachment":[{"href":"https:\/\/nahua.com.co\/en\/wp-json\/wp\/v2\/media?parent=723"}],"curies":[{"name":"wp","href":"https:\/\/api.w.org\/{rel}","templated":true}]}}