{"id":1112,"date":"2025-12-29T15:31:24","date_gmt":"2025-12-29T20:31:24","guid":{"rendered":"https:\/\/nahua.com.co\/?page_id=1112"},"modified":"2025-12-29T16:47:14","modified_gmt":"2025-12-29T21:47:14","slug":"aviso-de-privacidad","status":"publish","type":"page","link":"https:\/\/nahua.com.co\/en\/aviso-de-privacidad\/","title":{"rendered":"Aviso de privacidad"},"content":{"rendered":"<div class=\"wp-block-stackable-text stk-block-text stk-block stk-1794518\" data-block-id=\"1794518\"><p class=\"stk-block-text__text\">NAHUA LLC, comercialmente conocido como nahua llc limited liability company, con domicilio en Chia Cundinamarca Colombia, es el responsable del uso y protecci\u00f3n de sus datos personales.<\/p><\/div>\n\n\n\n<div class=\"wp-block-stackable-text stk-block-text stk-block stk-b986fb5\" data-block-id=\"b986fb5\"><p class=\"stk-block-text__text\"><strong>FINALIDADES PRIMARIAS<\/strong><\/p><\/div>\n\n\n\n<div class=\"wp-block-stackable-text stk-block-text stk-block stk-f0121df\" data-block-id=\"f0121df\"><p class=\"stk-block-text__text\">Los datos personales que recabamos de usted, los utilizaremos para las siguientes finalidades que son necesarias para el servicio que solicita:<\/p><\/div>\n\n\n\n<div class=\"wp-block-stackable-text stk-block-text stk-block stk-1d3ed24\" data-block-id=\"1d3ed24\"><p class=\"stk-block-text__text\">\u2022 Respuesta a mensajes del formulario de contacto<\/p><\/div>\n\n\n\n<div class=\"wp-block-stackable-text stk-block-text stk-block stk-3bfffbc\" data-block-id=\"3bfffbc\"><p class=\"stk-block-text__text\">\u2022 Prestaci\u00f3n de cualquier servicio solicitado<\/p><\/div>\n\n\n\n<div class=\"wp-block-stackable-text stk-block-text stk-block stk-52389f1\" data-block-id=\"52389f1\"><p class=\"stk-block-text__text\"><strong>DATOS PERSONALES RECABADOS<\/strong><\/p><\/div>\n\n\n\n<div class=\"wp-block-stackable-text stk-block-text stk-block stk-12281c3\" data-block-id=\"12281c3\"><p class=\"stk-block-text__text\">Para las finalidades se\u00f1aladas en el presente aviso de privacidad, podemos recabar sus datos de identificaci\u00f3n y contacto.<\/p><\/div>\n\n\n\n<div class=\"wp-block-stackable-text stk-block-text stk-block stk-2038ef8\" data-block-id=\"2038ef8\"><p class=\"stk-block-text__text\"><strong>DERECHOS ARCO<\/strong><\/p><\/div>\n\n\n\n<div class=\"wp-block-stackable-text stk-block-text stk-block stk-9ebcd5f\" data-block-id=\"9ebcd5f\"><p class=\"stk-block-text__text\">Usted tiene derecho a conocer qu\u00e9 datos personales tenemos de usted, para qu\u00e9 los utilizamos y las condiciones del uso que les damos (Acceso). Asimismo, es su derecho solicitar la correcci\u00f3n de su informaci\u00f3n personal en caso de que est\u00e9 desactualizada, sea inexacta o incompleta (Rectificaci\u00f3n); que la eliminemos de nuestros registros o bases de datos cuando considere que la misma no est\u00e1 siendo utilizada adecuadamente (Cancelaci\u00f3n); as\u00ed como oponerse al uso de sus datos personales para fines espec\u00edficos (Oposici\u00f3n). Estos derechos se conocen como derechos ARCO.<\/p><\/div>\n\n\n\n<div class=\"wp-block-stackable-text stk-block-text stk-block stk-515806e\" data-block-id=\"515806e\"><p class=\"stk-block-text__text\">Para el ejercicio de cualquiera de los derechos ARCO, usted deber\u00e1 presentar la solicitud respectiva a trav\u00e9s de Correo. La respuesta a su solicitud ser\u00e1 atendida en un plazo m\u00e1ximo de 10 d\u00edas h\u00e1biles.<\/p><\/div>\n\n\n\n<div class=\"wp-block-stackable-text stk-block-text stk-block stk-77c78f5\" data-block-id=\"77c78f5\"><p class=\"stk-block-text__text\"><strong>DATOS RECABADOS POR EL SITIO WEB<\/strong><\/p><\/div>\n\n\n\n<div class=\"wp-block-stackable-text stk-block-text stk-block stk-ab39dcb\" data-block-id=\"ab39dcb\"><p class=\"stk-block-text__text\">Nuestro sitio web recaba autom\u00e1ticamente los siguientes datos:<\/p><\/div>\n\n\n\n<div class=\"wp-block-stackable-text stk-block-text stk-block stk-e86d2c2\" data-block-id=\"e86d2c2\"><p class=\"stk-block-text__text\">\u2022 Identificadores, nombre de usuario y contrase\u00f1as de sesi\u00f3n<\/p><\/div>\n\n\n\n<div class=\"wp-block-stackable-text stk-block-text stk-block stk-fc48188\" data-block-id=\"fc48188\"><p class=\"stk-block-text__text\"><strong>CONTACTO<\/strong><\/p><\/div>\n\n\n\n<div class=\"wp-block-stackable-text stk-block-text stk-block stk-cc618d9\" data-block-id=\"cc618d9\"><p class=\"stk-block-text__text\">Para m\u00e1s informaci\u00f3n sobre este aviso de privacidad, puede contactarnos en:<\/p><\/div>\n\n\n\n<div class=\"wp-block-stackable-text stk-block-text stk-block stk-ede87af\" data-block-id=\"ede87af\"><p class=\"stk-block-text__text\">Correo electr\u00f3nico: connect@nahua.com.co<\/p><\/div>\n\n\n\n<div class=\"wp-block-stackable-text stk-block-text stk-block stk-046971e\" data-block-id=\"046971e\"><p class=\"stk-block-text__text\">Sitio web: https:\/\/nahua.com.co\/<\/p><\/div>\n\n\n\n<div class=\"wp-block-stackable-text stk-block-text stk-block stk-1df2e93\" data-block-id=\"1df2e93\"><p class=\"stk-block-text__text\">\u00daltima actualizaci\u00f3n: 29\/12\/2025<\/p><\/div>","protected":false},"excerpt":{"rendered":"<p>NAHUA LLC, comercialmente conocido como nahua llc limited liability company, con domicilio en Chia Cundinamarca Colombia, es el responsable del uso y protecci\u00f3n de sus datos personales. FINALIDADES PRIMARIAS Los datos personales que recabamos de usted, los utilizaremos para las siguientes finalidades que son necesarias para el servicio que solicita: \u2022 Respuesta a mensajes del [&hellip;]<\/p>","protected":false},"author":1,"featured_media":0,"parent":0,"menu_order":0,"comment_status":"closed","ping_status":"closed","template":"","meta":{"footnotes":""},"class_list":["post-1112","page","type-page","status-publish","hentry"],"blocksy_meta":[],"_hostinger_reach_plugin_has_subscription_block":false,"_hostinger_reach_plugin_is_elementor":false,"_links":{"self":[{"href":"https:\/\/nahua.com.co\/en\/wp-json\/wp\/v2\/pages\/1112","targetHints":{"allow":["GET"]}}],"collection":[{"href":"https:\/\/nahua.com.co\/en\/wp-json\/wp\/v2\/pages"}],"about":[{"href":"https:\/\/nahua.com.co\/en\/wp-json\/wp\/v2\/types\/page"}],"author":[{"embeddable":true,"href":"https:\/\/nahua.com.co\/en\/wp-json\/wp\/v2\/users\/1"}],"replies":[{"embeddable":true,"href":"https:\/\/nahua.com.co\/en\/wp-json\/wp\/v2\/comments?post=1112"}],"version-history":[{"count":1,"href":"https:\/\/nahua.com.co\/en\/wp-json\/wp\/v2\/pages\/1112\/revisions"}],"predecessor-version":[{"id":1113,"href":"https:\/\/nahua.com.co\/en\/wp-json\/wp\/v2\/pages\/1112\/revisions\/1113"}],"wp:attachment":[{"href":"https:\/\/nahua.com.co\/en\/wp-json\/wp\/v2\/media?parent=1112"}],"curies":[{"name":"wp","href":"https:\/\/api.w.org\/{rel}","templated":true}]}}